{"id":2158,"date":"2024-05-28T11:48:55","date_gmt":"2024-05-28T09:48:55","guid":{"rendered":"https:\/\/tuero.es\/areas-de-negocio\/"},"modified":"2024-06-13T10:55:31","modified_gmt":"2024-06-13T08:55:31","slug":"areas-de-negocio","status":"publish","type":"page","link":"https:\/\/tuero.es\/pt-pt\/areas-de-negocio\/","title":{"rendered":"\u00c1reas de neg\u00f3cio"},"content":{"rendered":"\t\t<div data-elementor-type=\"wp-page\" data-elementor-id=\"2158\" class=\"elementor elementor-2158 elementor-610\" data-elementor-post-type=\"page\">\n\t\t\t\t<div class=\"elementor-element elementor-element-38f4275 e-con-full e-flex e-con e-parent\" data-id=\"38f4275\" data-element_type=\"container\" data-settings=\"{&quot;jet_parallax_layout_list&quot;:[]}\">\n\t\t<div class=\"elementor-element elementor-element-3fa3acd e-flex e-con-boxed e-con e-child\" data-id=\"3fa3acd\" data-element_type=\"container\" data-settings=\"{&quot;jet_parallax_layout_list&quot;:[]}\">\n\t\t\t\t\t<div class=\"e-con-inner\">\n\t\t<div class=\"elementor-element elementor-element-236f904 e-con-full animated-slow e-flex elementor-invisible e-con e-child\" data-id=\"236f904\" data-element_type=\"container\" data-settings=\"{&quot;animation&quot;:&quot;slideInLeft&quot;,&quot;jet_parallax_layout_list&quot;:[]}\">\n\t\t\t\t<div class=\"elementor-element elementor-element-be39394 elementor-widget elementor-widget-heading\" data-id=\"be39394\" data-element_type=\"widget\" data-widget_type=\"heading.default\">\n\t\t\t\t<div class=\"elementor-widget-container\">\n\t\t\t<style>\/*! elementor - v3.21.0 - 08-05-2024 *\/\n.elementor-heading-title{padding:0;margin:0;line-height:1}.elementor-widget-heading .elementor-heading-title[class*=elementor-size-]>a{color:inherit;font-size:inherit;line-height:inherit}.elementor-widget-heading .elementor-heading-title.elementor-size-small{font-size:15px}.elementor-widget-heading .elementor-heading-title.elementor-size-medium{font-size:19px}.elementor-widget-heading .elementor-heading-title.elementor-size-large{font-size:29px}.elementor-widget-heading .elementor-heading-title.elementor-size-xl{font-size:39px}.elementor-widget-heading .elementor-heading-title.elementor-size-xxl{font-size:59px}<\/style><h2 class=\"elementor-heading-title elementor-size-default\">Alimentos para animais<\/h2>\t\t<\/div>\n\t\t\t\t<\/div>\n\t\t\t\t<div class=\"elementor-element elementor-element-0b66312 elementor-widget__width-initial elementor-widget elementor-widget-text-editor\" data-id=\"0b66312\" data-element_type=\"widget\" data-widget_type=\"text-editor.default\">\n\t\t\t\t<div class=\"elementor-widget-container\">\n\t\t\t<style>\/*! elementor - v3.21.0 - 08-05-2024 *\/\n.elementor-widget-text-editor.elementor-drop-cap-view-stacked .elementor-drop-cap{background-color:#69727d;color:#fff}.elementor-widget-text-editor.elementor-drop-cap-view-framed .elementor-drop-cap{color:#69727d;border:3px solid;background-color:transparent}.elementor-widget-text-editor:not(.elementor-drop-cap-view-default) .elementor-drop-cap{margin-top:8px}.elementor-widget-text-editor:not(.elementor-drop-cap-view-default) .elementor-drop-cap-letter{width:1em;height:1em}.elementor-widget-text-editor .elementor-drop-cap{float:left;text-align:center;line-height:1;font-size:50px}.elementor-widget-text-editor .elementor-drop-cap-letter{display:inline-block}<\/style>\t\t\t\t<p>Convertemos desperd\u00edcios da ind\u00fastria alimentar em alimentos para animais. Transformamos bolachas, p\u00e3es, bolos, cereais e snacks em mat\u00e9rias-primas para alimenta\u00e7\u00e3o animal.<\/p>\n\t\t\t\t\t\t<\/div>\n\t\t\t\t<\/div>\n\t\t\t\t<div class=\"elementor-element elementor-element-35c0fb1 elementor-widget elementor-widget-button\" data-id=\"35c0fb1\" data-element_type=\"widget\" data-widget_type=\"button.default\">\n\t\t\t\t<div class=\"elementor-widget-container\">\n\t\t\t\t\t<div class=\"elementor-button-wrapper\">\n\t\t\t<a class=\"elementor-button elementor-button-link elementor-size-sm\" href=\"https:\/\/tuero.es\/pt-pt\/produtos\/farinha-de-bolacha\/\">\n\t\t\t\t\t\t<span class=\"elementor-button-content-wrapper\">\n\t\t\t\t\t\t\t\t\t<span class=\"elementor-button-text\">SAIBA MAIS<\/span>\n\t\t\t\t\t<\/span>\n\t\t\t\t\t<\/a>\n\t\t<\/div>\n\t\t\t\t<\/div>\n\t\t\t\t<\/div>\n\t\t\t\t<\/div>\n\t\t<div class=\"elementor-element elementor-element-616d637 e-con-full animated-slow e-flex elementor-invisible e-con e-child\" data-id=\"616d637\" data-element_type=\"container\" data-settings=\"{&quot;animation&quot;:&quot;slideInRight&quot;,&quot;jet_parallax_layout_list&quot;:[]}\">\n\t\t\t\t<div class=\"elementor-element elementor-element-e9806ab elementor-widget elementor-widget-image\" data-id=\"e9806ab\" data-element_type=\"widget\" data-widget_type=\"image.default\">\n\t\t\t\t<div class=\"elementor-widget-container\">\n\t\t\t<style>\/*! elementor - v3.21.0 - 08-05-2024 *\/\n.elementor-widget-image{text-align:center}.elementor-widget-image a{display:inline-block}.elementor-widget-image a img[src$=\".svg\"]{width:48px}.elementor-widget-image img{vertical-align:middle;display:inline-block}<\/style>\t\t\t\t\t\t\t\t\t\t<img fetchpriority=\"high\" decoding=\"async\" width=\"800\" height=\"534\" src=\"https:\/\/tuero.es\/wp-content\/uploads\/2024\/06\/tuero-imagen-38-1024x683.jpg\" class=\"attachment-large size-large wp-image-1924\" alt=\"\" srcset=\"https:\/\/tuero.es\/wp-content\/uploads\/2024\/06\/tuero-imagen-38-1024x683.jpg 1024w, https:\/\/tuero.es\/wp-content\/uploads\/2024\/06\/tuero-imagen-38-300x200.jpg 300w, https:\/\/tuero.es\/wp-content\/uploads\/2024\/06\/tuero-imagen-38-768x512.jpg 768w, https:\/\/tuero.es\/wp-content\/uploads\/2024\/06\/tuero-imagen-38-1536x1024.jpg 1536w, https:\/\/tuero.es\/wp-content\/uploads\/2024\/06\/tuero-imagen-38.jpg 1920w\" sizes=\"(max-width: 800px) 100vw, 800px\" \/>\t\t\t\t\t\t\t\t\t\t\t\t\t<\/div>\n\t\t\t\t<\/div>\n\t\t\t\t<\/div>\n\t\t\t\t\t<\/div>\n\t\t\t\t<\/div>\n\t\t<div class=\"elementor-element elementor-element-9d7a0c2 e-flex e-con-boxed e-con e-child\" data-id=\"9d7a0c2\" data-element_type=\"container\" data-settings=\"{&quot;jet_parallax_layout_list&quot;:[]}\">\n\t\t\t\t\t<div class=\"e-con-inner\">\n\t\t<div class=\"elementor-element elementor-element-c75a856 e-con-full animated-slow e-flex elementor-invisible e-con e-child\" data-id=\"c75a856\" data-element_type=\"container\" data-settings=\"{&quot;animation&quot;:&quot;slideInLeft&quot;,&quot;jet_parallax_layout_list&quot;:[]}\">\n\t\t\t\t<div class=\"elementor-element elementor-element-844337b elementor-widget elementor-widget-image\" data-id=\"844337b\" data-element_type=\"widget\" data-widget_type=\"image.default\">\n\t\t\t\t<div class=\"elementor-widget-container\">\n\t\t\t\t\t\t\t\t\t\t\t\t\t<img decoding=\"async\" width=\"800\" height=\"534\" src=\"https:\/\/tuero.es\/wp-content\/uploads\/2024\/05\/tuero-imagen-03-1024x683.jpg\" class=\"attachment-large size-large wp-image-194\" alt=\"Tuero - Producci\u00f3n de biog\u00e1s\" srcset=\"https:\/\/tuero.es\/wp-content\/uploads\/2024\/05\/tuero-imagen-03-1024x683.jpg 1024w, https:\/\/tuero.es\/wp-content\/uploads\/2024\/05\/tuero-imagen-03-300x200.jpg 300w, https:\/\/tuero.es\/wp-content\/uploads\/2024\/05\/tuero-imagen-03-768x512.jpg 768w, https:\/\/tuero.es\/wp-content\/uploads\/2024\/05\/tuero-imagen-03-1536x1024.jpg 1536w, https:\/\/tuero.es\/wp-content\/uploads\/2024\/05\/tuero-imagen-03.jpg 1920w\" sizes=\"(max-width: 800px) 100vw, 800px\" \/>\t\t\t\t\t\t\t\t\t\t\t\t\t<\/div>\n\t\t\t\t<\/div>\n\t\t\t\t<\/div>\n\t\t<div class=\"elementor-element elementor-element-7214e26 e-con-full animated-slow e-flex elementor-invisible e-con e-child\" data-id=\"7214e26\" data-element_type=\"container\" data-settings=\"{&quot;animation&quot;:&quot;slideInRight&quot;,&quot;jet_parallax_layout_list&quot;:[]}\">\n\t\t\t\t<div class=\"elementor-element elementor-element-f7f42a0 elementor-widget elementor-widget-heading\" data-id=\"f7f42a0\" data-element_type=\"widget\" data-widget_type=\"heading.default\">\n\t\t\t\t<div class=\"elementor-widget-container\">\n\t\t\t<h2 class=\"elementor-heading-title elementor-size-default\">Energia verde<\/h2>\t\t<\/div>\n\t\t\t\t<\/div>\n\t\t\t\t<div class=\"elementor-element elementor-element-1056112 elementor-widget__width-initial elementor-widget elementor-widget-text-editor\" data-id=\"1056112\" data-element_type=\"widget\" data-widget_type=\"text-editor.default\">\n\t\t\t\t<div class=\"elementor-widget-container\">\n\t\t\t\t\t\t\t<p>Convertemos res\u00edduos em energia. As lamas, os res\u00edduos dos matadouros, os res\u00edduos da distribui\u00e7\u00e3o: as frutas, os produtos hort\u00edcolas, os iogurtes, o leite, etc., s\u00e3o convertidos em biog\u00e1s e, posteriormente, em biometano atrav\u00e9s da digest\u00e3o anaer\u00f3bia.<\/p>\n\t\t\t\t\t\t<\/div>\n\t\t\t\t<\/div>\n\t\t\t\t<div class=\"elementor-element elementor-element-bdab80d elementor-hidden-desktop elementor-hidden-tablet elementor-hidden-mobile elementor-widget elementor-widget-button\" data-id=\"bdab80d\" data-element_type=\"widget\" data-widget_type=\"button.default\">\n\t\t\t\t<div class=\"elementor-widget-container\">\n\t\t\t\t\t<div class=\"elementor-button-wrapper\">\n\t\t\t<a class=\"elementor-button elementor-button-link elementor-size-sm\" href=\"https:\/\/tuero.es\/pt-pt\/?page_id=2170\">\n\t\t\t\t\t\t<span class=\"elementor-button-content-wrapper\">\n\t\t\t\t\t\t\t\t\t<span class=\"elementor-button-text\">SAIBA MAIS<\/span>\n\t\t\t\t\t<\/span>\n\t\t\t\t\t<\/a>\n\t\t<\/div>\n\t\t\t\t<\/div>\n\t\t\t\t<\/div>\n\t\t\t\t<\/div>\n\t\t\t\t\t<\/div>\n\t\t\t\t<\/div>\n\t\t<div class=\"elementor-element elementor-element-037d851 e-flex e-con-boxed e-con e-child\" data-id=\"037d851\" data-element_type=\"container\" data-settings=\"{&quot;jet_parallax_layout_list&quot;:[]}\">\n\t\t\t\t\t<div class=\"e-con-inner\">\n\t\t<div class=\"elementor-element elementor-element-7c94d7c e-con-full animated-slow e-flex elementor-invisible e-con e-child\" data-id=\"7c94d7c\" data-element_type=\"container\" data-settings=\"{&quot;animation&quot;:&quot;slideInLeft&quot;,&quot;jet_parallax_layout_list&quot;:[]}\">\n\t\t\t\t<div class=\"elementor-element elementor-element-754fb41 elementor-widget elementor-widget-heading\" data-id=\"754fb41\" data-element_type=\"widget\" data-widget_type=\"heading.default\">\n\t\t\t\t<div class=\"elementor-widget-container\">\n\t\t\t<h2 class=\"elementor-heading-title elementor-size-default\">Adubos org\u00e2nicos<\/h2>\t\t<\/div>\n\t\t\t\t<\/div>\n\t\t\t\t<div class=\"elementor-element elementor-element-cd9ef78 elementor-widget__width-initial elementor-widget elementor-widget-text-editor\" data-id=\"cd9ef78\" data-element_type=\"widget\" data-widget_type=\"text-editor.default\">\n\t\t\t\t<div class=\"elementor-widget-container\">\n\t\t\t\t\t\t\t<p>Como resultado da digest\u00e3o anaer\u00f3bia, geramos um digestato com excelentes qualidades agron\u00f3micas e fertilizantes.<\/p>\n\t\t\t\t\t\t<\/div>\n\t\t\t\t<\/div>\n\t\t\t\t<div class=\"elementor-element elementor-element-7393c78 elementor-widget elementor-widget-button\" data-id=\"7393c78\" data-element_type=\"widget\" data-widget_type=\"button.default\">\n\t\t\t\t<div class=\"elementor-widget-container\">\n\t\t\t\t\t<div class=\"elementor-button-wrapper\">\n\t\t\t<a class=\"elementor-button elementor-button-link elementor-size-sm\" href=\"https:\/\/tuero.es\/pt-pt\/produtos\/adubos-organicos\/\">\n\t\t\t\t\t\t<span class=\"elementor-button-content-wrapper\">\n\t\t\t\t\t\t\t\t\t<span class=\"elementor-button-text\">SAIBA MAIS<\/span>\n\t\t\t\t\t<\/span>\n\t\t\t\t\t<\/a>\n\t\t<\/div>\n\t\t\t\t<\/div>\n\t\t\t\t<\/div>\n\t\t\t\t<\/div>\n\t\t<div class=\"elementor-element elementor-element-a1f1769 e-con-full animated-slow e-flex elementor-invisible e-con e-child\" data-id=\"a1f1769\" data-element_type=\"container\" data-settings=\"{&quot;animation&quot;:&quot;slideInRight&quot;,&quot;jet_parallax_layout_list&quot;:[]}\">\n\t\t\t\t<div class=\"elementor-element elementor-element-7cfa97f elementor-widget elementor-widget-image\" data-id=\"7cfa97f\" data-element_type=\"widget\" data-widget_type=\"image.default\">\n\t\t\t\t<div class=\"elementor-widget-container\">\n\t\t\t\t\t\t\t\t\t\t\t\t\t<img decoding=\"async\" width=\"800\" height=\"534\" src=\"https:\/\/tuero.es\/wp-content\/uploads\/2024\/06\/tuero-imagen-35-1024x683.jpg\" class=\"attachment-large size-large wp-image-1882\" alt=\"\" srcset=\"https:\/\/tuero.es\/wp-content\/uploads\/2024\/06\/tuero-imagen-35-1024x683.jpg 1024w, https:\/\/tuero.es\/wp-content\/uploads\/2024\/06\/tuero-imagen-35-300x200.jpg 300w, https:\/\/tuero.es\/wp-content\/uploads\/2024\/06\/tuero-imagen-35-768x512.jpg 768w, https:\/\/tuero.es\/wp-content\/uploads\/2024\/06\/tuero-imagen-35-1536x1024.jpg 1536w, https:\/\/tuero.es\/wp-content\/uploads\/2024\/06\/tuero-imagen-35.jpg 1920w\" sizes=\"(max-width: 800px) 100vw, 800px\" \/>\t\t\t\t\t\t\t\t\t\t\t\t\t<\/div>\n\t\t\t\t<\/div>\n\t\t\t\t<\/div>\n\t\t\t\t\t<\/div>\n\t\t\t\t<\/div>\n\t\t<div class=\"elementor-element elementor-element-02f78eb e-flex e-con-boxed e-con e-child\" data-id=\"02f78eb\" data-element_type=\"container\" data-settings=\"{&quot;jet_parallax_layout_list&quot;:[]}\">\n\t\t\t\t\t<div class=\"e-con-inner\">\n\t\t<div class=\"elementor-element elementor-element-2b25b93 e-con-full animated-slow e-flex elementor-invisible e-con e-child\" data-id=\"2b25b93\" data-element_type=\"container\" data-settings=\"{&quot;animation&quot;:&quot;slideInLeft&quot;,&quot;jet_parallax_layout_list&quot;:[]}\">\n\t\t\t\t<div class=\"elementor-element elementor-element-b0f8c13 elementor-widget elementor-widget-image\" data-id=\"b0f8c13\" data-element_type=\"widget\" data-widget_type=\"image.default\">\n\t\t\t\t<div class=\"elementor-widget-container\">\n\t\t\t\t\t\t\t\t\t\t\t\t\t<img loading=\"lazy\" decoding=\"async\" width=\"800\" height=\"533\" src=\"https:\/\/tuero.es\/wp-content\/uploads\/2024\/05\/tuero-imagen-04-1024x682.jpg\" class=\"attachment-large size-large wp-image-195\" alt=\"Tuero - Consultor\u00eda medioambiental\" srcset=\"https:\/\/tuero.es\/wp-content\/uploads\/2024\/05\/tuero-imagen-04-1024x682.jpg 1024w, https:\/\/tuero.es\/wp-content\/uploads\/2024\/05\/tuero-imagen-04-300x200.jpg 300w, https:\/\/tuero.es\/wp-content\/uploads\/2024\/05\/tuero-imagen-04-768x512.jpg 768w, https:\/\/tuero.es\/wp-content\/uploads\/2024\/05\/tuero-imagen-04-1536x1023.jpg 1536w, https:\/\/tuero.es\/wp-content\/uploads\/2024\/05\/tuero-imagen-04.jpg 1920w\" sizes=\"(max-width: 800px) 100vw, 800px\" \/>\t\t\t\t\t\t\t\t\t\t\t\t\t<\/div>\n\t\t\t\t<\/div>\n\t\t\t\t<\/div>\n\t\t<div class=\"elementor-element elementor-element-87b7523 e-con-full animated-slow e-flex elementor-invisible e-con e-child\" data-id=\"87b7523\" data-element_type=\"container\" data-settings=\"{&quot;animation&quot;:&quot;slideInRight&quot;,&quot;jet_parallax_layout_list&quot;:[]}\">\n\t\t\t\t<div class=\"elementor-element elementor-element-4c1b2bd elementor-widget elementor-widget-heading\" data-id=\"4c1b2bd\" data-element_type=\"widget\" data-widget_type=\"heading.default\">\n\t\t\t\t<div class=\"elementor-widget-container\">\n\t\t\t<h2 class=\"elementor-heading-title elementor-size-default\">Consultoria Ambiental<\/h2>\t\t<\/div>\n\t\t\t\t<\/div>\n\t\t\t\t<div class=\"elementor-element elementor-element-fa02e33 elementor-widget__width-initial elementor-widget elementor-widget-text-editor\" data-id=\"fa02e33\" data-element_type=\"widget\" data-widget_type=\"text-editor.default\">\n\t\t\t\t<div class=\"elementor-widget-container\">\n\t\t\t\t\t\t\t<p>Ajudamos a gerir res\u00edduos com um objetivo de &#8220;desperd\u00edcio zero&#8221;, para medir pegadas de carbono, certifica\u00e7\u00f5es ambientais e, em geral, para melhorar a sustentabilidade das empresas.<\/p>\n\t\t\t\t\t\t<\/div>\n\t\t\t\t<\/div>\n\t\t\t\t<div class=\"elementor-element elementor-element-ce72391 elementor-widget elementor-widget-button\" data-id=\"ce72391\" data-element_type=\"widget\" data-widget_type=\"button.default\">\n\t\t\t\t<div class=\"elementor-widget-container\">\n\t\t\t\t\t<div class=\"elementor-button-wrapper\">\n\t\t\t<a class=\"elementor-button elementor-button-link elementor-size-sm\" href=\"https:\/\/tuero.es\/pt-pt\/consultoria-ambiental\/\">\n\t\t\t\t\t\t<span class=\"elementor-button-content-wrapper\">\n\t\t\t\t\t\t\t\t\t<span class=\"elementor-button-text\">SAIBA MAIS<\/span>\n\t\t\t\t\t<\/span>\n\t\t\t\t\t<\/a>\n\t\t<\/div>\n\t\t\t\t<\/div>\n\t\t\t\t<\/div>\n\t\t\t\t<\/div>\n\t\t\t\t\t<\/div>\n\t\t\t\t<\/div>\n\t\t\t\t<div class=\"elementor-element elementor-element-20aec28 elementor-widget__width-inherit elementor-absolute animated-slow elementor-invisible elementor-widget elementor-widget-image\" data-id=\"20aec28\" data-element_type=\"widget\" data-settings=\"{&quot;_position&quot;:&quot;absolute&quot;,&quot;motion_fx_motion_fx_scrolling&quot;:&quot;yes&quot;,&quot;motion_fx_blur_effect&quot;:&quot;yes&quot;,&quot;motion_fx_blur_direction&quot;:&quot;in-out-in&quot;,&quot;motion_fx_blur_level&quot;:{&quot;unit&quot;:&quot;px&quot;,&quot;size&quot;:12,&quot;sizes&quot;:[]},&quot;motion_fx_blur_range&quot;:{&quot;unit&quot;:&quot;%&quot;,&quot;size&quot;:&quot;&quot;,&quot;sizes&quot;:{&quot;start&quot;:0,&quot;end&quot;:100}},&quot;motion_fx_rotateZ_effect&quot;:&quot;yes&quot;,&quot;motion_fx_rotateZ_speed&quot;:{&quot;unit&quot;:&quot;px&quot;,&quot;size&quot;:0.5,&quot;sizes&quot;:[]},&quot;_animation&quot;:&quot;fadeIn&quot;,&quot;_animation_delay&quot;:1500,&quot;motion_fx_rotateZ_affectedRange&quot;:{&quot;unit&quot;:&quot;%&quot;,&quot;size&quot;:&quot;&quot;,&quot;sizes&quot;:{&quot;start&quot;:0,&quot;end&quot;:100}},&quot;motion_fx_devices&quot;:[&quot;desktop&quot;,&quot;tablet&quot;,&quot;mobile&quot;]}\" data-widget_type=\"image.default\">\n\t\t\t\t<div class=\"elementor-widget-container\">\n\t\t\t\t\t\t\t\t\t\t\t\t\t<img loading=\"lazy\" decoding=\"async\" width=\"420\" height=\"420\" src=\"https:\/\/tuero.es\/wp-content\/uploads\/2024\/05\/Tuero-30.svg\" class=\"attachment-large size-large wp-image-39\" alt=\"\" \/>\t\t\t\t\t\t\t\t\t\t\t\t\t<\/div>\n\t\t\t\t<\/div>\n\t\t\t\t<\/div>\n\t\t<div class=\"elementor-element elementor-element-011623a e-con-full e-flex e-con e-parent\" data-id=\"011623a\" data-element_type=\"container\" data-settings=\"{&quot;background_background&quot;:&quot;classic&quot;,&quot;jet_parallax_layout_list&quot;:[]}\">\n\t\t<div class=\"elementor-element elementor-element-b698062 e-flex e-con-boxed e-con e-child\" data-id=\"b698062\" data-element_type=\"container\" data-settings=\"{&quot;background_background&quot;:&quot;classic&quot;,&quot;jet_parallax_layout_list&quot;:[]}\">\n\t\t\t\t\t<div class=\"e-con-inner\">\n\t\t<div class=\"elementor-element elementor-element-9729104 e-con-full e-flex e-con e-child\" data-id=\"9729104\" data-element_type=\"container\" data-settings=\"{&quot;jet_parallax_layout_list&quot;:[]}\">\n\t\t\t\t<div class=\"elementor-element elementor-element-4474273 elementor-widget elementor-widget-heading\" data-id=\"4474273\" data-element_type=\"widget\" data-widget_type=\"heading.default\">\n\t\t\t\t<div class=\"elementor-widget-container\">\n\t\t\t<h2 class=\"elementor-heading-title elementor-size-default\">Quer conhecer-nos melhor ou saber mais sobre o que fazemos?<\/h2>\t\t<\/div>\n\t\t\t\t<\/div>\n\t\t\t\t<div class=\"elementor-element elementor-element-c3acd4f elementor-widget elementor-widget-text-editor\" data-id=\"c3acd4f\" data-element_type=\"widget\" data-widget_type=\"text-editor.default\">\n\t\t\t\t<div class=\"elementor-widget-container\">\n\t\t\t\t\t\t\t<p>Escreva-nos ou ligue-nos e inform\u00e1-lo-emos sobre os nossos servi\u00e7os e produtos.<\/p>\n\t\t\t\t\t\t<\/div>\n\t\t\t\t<\/div>\n\t\t\t\t<\/div>\n\t\t<div class=\"elementor-element elementor-element-a2031ab e-con-full e-flex e-con e-child\" data-id=\"a2031ab\" data-element_type=\"container\" data-settings=\"{&quot;jet_parallax_layout_list&quot;:[]}\">\n\t\t\t\t<div class=\"elementor-element elementor-element-ec8dad1 elementor-widget elementor-widget-button\" data-id=\"ec8dad1\" data-element_type=\"widget\" data-widget_type=\"button.default\">\n\t\t\t\t<div class=\"elementor-widget-container\">\n\t\t\t\t\t<div class=\"elementor-button-wrapper\">\n\t\t\t<a class=\"elementor-button elementor-button-link elementor-size-sm\" href=\"https:\/\/tuero.es\/contacto\/\">\n\t\t\t\t\t\t<span class=\"elementor-button-content-wrapper\">\n\t\t\t\t\t\t\t\t\t<span class=\"elementor-button-text\">QUERO SABER MAIS<\/span>\n\t\t\t\t\t<\/span>\n\t\t\t\t\t<\/a>\n\t\t<\/div>\n\t\t\t\t<\/div>\n\t\t\t\t<\/div>\n\t\t\t\t<\/div>\n\t\t\t\t\t<\/div>\n\t\t\t\t<\/div>\n\t\t\t\t<\/div>\n\t\t\t\t<\/div>\n\t\t","protected":false},"excerpt":{"rendered":"<p>Alimentos para animais Convertemos desperd\u00edcios da ind\u00fastria alimentar em alimentos para animais. Transformamos bolachas, p\u00e3es, bolos, cereais e snacks em mat\u00e9rias-primas para alimenta\u00e7\u00e3o animal. SAIBA MAIS Energia verde Convertemos res\u00edduos em energia. As lamas, os res\u00edduos dos matadouros, os res\u00edduos da distribui\u00e7\u00e3o: as frutas, os produtos hort\u00edcolas, os iogurtes, o leite, etc., s\u00e3o convertidos em [&hellip;]<\/p>\n","protected":false},"author":1,"featured_media":2159,"parent":0,"menu_order":0,"comment_status":"closed","ping_status":"closed","template":"","meta":{"footnotes":""},"_links":{"self":[{"href":"https:\/\/tuero.es\/pt-pt\/wp-json\/wp\/v2\/pages\/2158"}],"collection":[{"href":"https:\/\/tuero.es\/pt-pt\/wp-json\/wp\/v2\/pages"}],"about":[{"href":"https:\/\/tuero.es\/pt-pt\/wp-json\/wp\/v2\/types\/page"}],"author":[{"embeddable":true,"href":"https:\/\/tuero.es\/pt-pt\/wp-json\/wp\/v2\/users\/1"}],"replies":[{"embeddable":true,"href":"https:\/\/tuero.es\/pt-pt\/wp-json\/wp\/v2\/comments?post=2158"}],"version-history":[{"count":1,"href":"https:\/\/tuero.es\/pt-pt\/wp-json\/wp\/v2\/pages\/2158\/revisions"}],"predecessor-version":[{"id":2166,"href":"https:\/\/tuero.es\/pt-pt\/wp-json\/wp\/v2\/pages\/2158\/revisions\/2166"}],"wp:featuredmedia":[{"embeddable":true,"href":"https:\/\/tuero.es\/pt-pt\/wp-json\/wp\/v2\/media\/2159"}],"wp:attachment":[{"href":"https:\/\/tuero.es\/pt-pt\/wp-json\/wp\/v2\/media?parent=2158"}],"curies":[{"name":"wp","href":"https:\/\/api.w.org\/{rel}","templated":true}]}}