{"id":2332,"date":"2024-09-09T09:43:10","date_gmt":"2024-09-09T07:43:10","guid":{"rendered":"https:\/\/tuero.es\/subsidios\/"},"modified":"2024-11-04T14:17:22","modified_gmt":"2024-11-04T13:17:22","slug":"subsidios","status":"publish","type":"page","link":"https:\/\/tuero.es\/pt-pt\/subsidios\/","title":{"rendered":"Subs\u00eddios"},"content":{"rendered":"\t\t<div data-elementor-type=\"wp-page\" data-elementor-id=\"2332\" class=\"elementor elementor-2332 elementor-2288\" data-elementor-post-type=\"page\">\n\t\t\t\t<div class=\"elementor-element elementor-element-5bc9297 e-grid e-con-boxed e-con e-parent\" data-id=\"5bc9297\" data-element_type=\"container\" data-settings=\"{&quot;jet_parallax_layout_list&quot;:[]}\">\n\t\t\t\t\t<div class=\"e-con-inner\">\n\t\t\t\t<div class=\"elementor-element elementor-element-85360ba elementor-widget elementor-widget-heading\" data-id=\"85360ba\" data-element_type=\"widget\" data-widget_type=\"heading.default\">\n\t\t\t\t<div class=\"elementor-widget-container\">\n\t\t\t<style>\/*! elementor - v3.21.0 - 08-05-2024 *\/\n.elementor-heading-title{padding:0;margin:0;line-height:1}.elementor-widget-heading .elementor-heading-title[class*=elementor-size-]>a{color:inherit;font-size:inherit;line-height:inherit}.elementor-widget-heading .elementor-heading-title.elementor-size-small{font-size:15px}.elementor-widget-heading .elementor-heading-title.elementor-size-medium{font-size:19px}.elementor-widget-heading .elementor-heading-title.elementor-size-large{font-size:29px}.elementor-widget-heading .elementor-heading-title.elementor-size-xl{font-size:39px}.elementor-widget-heading .elementor-heading-title.elementor-size-xxl{font-size:59px}<\/style><h3 class=\"elementor-heading-title elementor-size-default\"><a href=\"https:\/\/tuero.es\/pt-pt\/publicidad-web-idi-23-tuero\/\" target=\"_blank\">Otimizar a valoriza\u00e7\u00e3o dos res\u00edduos alimentares atrav\u00e9s da aplica\u00e7\u00e3o de medidas inovadoras de economia circular<\/a><\/h3>\t\t<\/div>\n\t\t\t\t<\/div>\n\t\t\t\t<div class=\"elementor-element elementor-element-9225642 elementor-widget elementor-widget-heading\" data-id=\"9225642\" data-element_type=\"widget\" data-widget_type=\"heading.default\">\n\t\t\t\t<div class=\"elementor-widget-container\">\n\t\t\t<h3 class=\"elementor-heading-title elementor-size-default\"><a href=\"https:\/\/tuero.es\/pt-pt\/tuero-rci-19\/\" target=\"_blank\">Deslocaliza\u00e7\u00e3o de uma f\u00e1brica de alimentos para animais de cria\u00e7\u00e3o<\/a><\/h3>\t\t<\/div>\n\t\t\t\t<\/div>\n\t\t\t\t<div class=\"elementor-element elementor-element-a2c07a6 elementor-widget elementor-widget-heading\" data-id=\"a2c07a6\" data-element_type=\"widget\" data-widget_type=\"heading.default\">\n\t\t\t\t<div class=\"elementor-widget-container\">\n\t\t\t<h3 class=\"elementor-heading-title elementor-size-default\"><a href=\"https:\/\/tuero.es\/pt-pt\/tuero-rci-17\/\" target=\"_blank\">Instala\u00e7\u00e3o de melhorias tecnol\u00f3gicas numa f\u00e1brica de produtos para a alimenta\u00e7\u00e3o de animais de cria\u00e7\u00e3o.<\/a><\/h3>\t\t<\/div>\n\t\t\t\t<\/div>\n\t\t\t\t<div class=\"elementor-element elementor-element-b9cc401 elementor-widget elementor-widget-heading\" data-id=\"b9cc401\" data-element_type=\"widget\" data-widget_type=\"heading.default\">\n\t\t\t\t<div class=\"elementor-widget-container\">\n\t\t\t<h3 class=\"elementor-heading-title elementor-size-default\"><a href=\"https:\/\/tuero.es\/pt-pt\/harilar\/\" target=\"_blank\">HARILAR - Plano de inova\u00e7\u00e3o e sustentabilidade para a implementa\u00e7\u00e3o de novas medidas de economia circular destinadas a melhorar a valoriza\u00e7\u00e3o dos subprodutos dos cereais.<\/a><\/h3>\t\t<\/div>\n\t\t\t\t<\/div>\n\t\t\t\t<div class=\"elementor-element elementor-element-cf77efd elementor-widget elementor-widget-heading\" data-id=\"cf77efd\" data-element_type=\"widget\" data-widget_type=\"heading.default\">\n\t\t\t\t<div class=\"elementor-widget-container\">\n\t\t\t<h3 class=\"elementor-heading-title elementor-size-default\"><a href=\"https:\/\/tuero.es\/pt-pt\/vareal\/\" target=\"_blank\">VAREAL - Otimizar a valoriza\u00e7\u00e3o dos res\u00edduos alimentares atrav\u00e9s da aplica\u00e7\u00e3o de medidas inovadoras de economia circular<\/a><\/h3>\t\t<\/div>\n\t\t\t\t<\/div>\n\t\t\t\t<div class=\"elementor-element elementor-element-d2e8f21 elementor-widget elementor-widget-heading\" data-id=\"d2e8f21\" data-element_type=\"widget\" data-widget_type=\"heading.default\">\n\t\t\t\t<div class=\"elementor-widget-container\">\n\t\t\t<h3 class=\"elementor-heading-title elementor-size-default\"><a href=\"https:\/\/tuero.es\/pt-pt\/industria4\/\" target=\"_blank\">Promo\u00e7\u00e3o da Ind\u00fastria 4.0 ou digitaliza\u00e7\u00e3o industrial em Castela e Le\u00e3o no ano 2024 da Consejer\u00eda de Industria, Comercio y Empleo de la Junta de Castilla y Le\u00f3n no projeto INDUSTRIA4\/24\/027.<\/a><\/h3>\t\t<\/div>\n\t\t\t\t<\/div>\n\t\t\t\t\t<\/div>\n\t\t\t\t<\/div>\n\t\t\t\t<\/div>\n\t\t","protected":false},"excerpt":{"rendered":"<p>Otimizar a valoriza\u00e7\u00e3o dos res\u00edduos alimentares atrav\u00e9s da aplica\u00e7\u00e3o de medidas inovadoras de economia circular Deslocaliza\u00e7\u00e3o de uma f\u00e1brica de alimentos para animais de cria\u00e7\u00e3o Instala\u00e7\u00e3o de melhorias tecnol\u00f3gicas numa f\u00e1brica de produtos para a alimenta\u00e7\u00e3o de animais de cria\u00e7\u00e3o. HARILAR &#8211; Plano de inova\u00e7\u00e3o e sustentabilidade para a implementa\u00e7\u00e3o de novas medidas de economia [&hellip;]<\/p>\n","protected":false},"author":1,"featured_media":0,"parent":0,"menu_order":0,"comment_status":"closed","ping_status":"closed","template":"","meta":{"footnotes":""},"_links":{"self":[{"href":"https:\/\/tuero.es\/pt-pt\/wp-json\/wp\/v2\/pages\/2332"}],"collection":[{"href":"https:\/\/tuero.es\/pt-pt\/wp-json\/wp\/v2\/pages"}],"about":[{"href":"https:\/\/tuero.es\/pt-pt\/wp-json\/wp\/v2\/types\/page"}],"author":[{"embeddable":true,"href":"https:\/\/tuero.es\/pt-pt\/wp-json\/wp\/v2\/users\/1"}],"replies":[{"embeddable":true,"href":"https:\/\/tuero.es\/pt-pt\/wp-json\/wp\/v2\/comments?post=2332"}],"version-history":[{"count":1,"href":"https:\/\/tuero.es\/pt-pt\/wp-json\/wp\/v2\/pages\/2332\/revisions"}],"predecessor-version":[{"id":2333,"href":"https:\/\/tuero.es\/pt-pt\/wp-json\/wp\/v2\/pages\/2332\/revisions\/2333"}],"wp:attachment":[{"href":"https:\/\/tuero.es\/pt-pt\/wp-json\/wp\/v2\/media?parent=2332"}],"curies":[{"name":"wp","href":"https:\/\/api.w.org\/{rel}","templated":true}]}}